{"id":6463,"date":"2026-04-28T16:53:01","date_gmt":"2026-04-28T14:53:01","guid":{"rendered":"https:\/\/golfera.com\/dichiarazione-di-accessibilita\/"},"modified":"2026-04-29T11:07:56","modified_gmt":"2026-04-29T09:07:56","slug":"dichiarazione-di-accessibilita","status":"publish","type":"page","link":"https:\/\/golfera.com\/fr\/dichiarazione-di-accessibilita\/","title":{"rendered":"D\u00e9claration d\u2019Accessibilit\u00e9"},"content":{"rendered":"\n<p>(conform\u00e9ment \u00e0 l\u2019article 3, paragraphe 1-bis de la loi n\u00b0 4 du 9 janvier 2004)<\/p>\n\n\n\n<p><strong>Golfera in Lavezzola S.p.A.<\/strong> s\u2019engage \u00e0 rendre son site web accessible, conform\u00e9ment \u00e0 la loi n\u00b0 4 du 9 janvier 2004.<\/p>\n\n\n\n<p>La pr\u00e9sente d\u00e9claration d\u2019accessibilit\u00e9 s\u2019applique \u00e0:<br><a href=\"https:\/\/www.golfera.com\">https:\/\/www.golfera.com<\/a><\/p>\n\n\n\n<h2 class=\"wp-block-heading\">\u00c9tat de conformit\u00e9<\/h2>\n\n\n\n<p>b) Ce site web est <strong>partiellement conforme<\/strong> aux exigences pr\u00e9vues par l\u2019annexe A de la norme UNI CEI EN 301549, en raison des cas de non-conformit\u00e9 \u00e9num\u00e9r\u00e9s ci-dessous.<\/p>\n\n\n\n<h3 class=\"wp-block-heading\">Contenus non accessibles<\/h3>\n\n\n\n<p>Les contenus \u00e9num\u00e9r\u00e9s ci-dessous ne sont pas enti\u00e8rement accessibles pour les raisons suivantes:<\/p>\n\n\n\n<h3 class=\"wp-block-heading\"><strong><strong><strong>a) Non-conformit\u00e9 \u00e0 la loi n\u00b0 4 du 9 janvier 2004<\/strong><\/strong><\/strong><\/h3>\n\n\n\n<ul class=\"wp-block-list\">\n<li><strong>Banni\u00e8re de cookies et gestion du consentement (Iubenda)<\/strong><br>Certains composants de la banni\u00e8re de gestion du consentement peuvent ne pas \u00eatre enti\u00e8rement navigables au clavier ou ne pas g\u00e9rer correctement le focus.<\/li>\n\n\n\n<li><strong>Images et contenus multim\u00e9dias<\/strong><\/li>\n\n\n\n<li>Certaines images peuvent ne pas \u00eatre accompagn\u00e9es de descriptions alternatives appropri\u00e9es ou pr\u00e9senter des textes alternatifs non coh\u00e9rents avec la langue de la page.<\/li>\n\n\n\n<li><strong>Contenus \u00e9ditoriaux (blog)<\/strong><br>Dans les contenus du blog, g\u00e9r\u00e9s par des utilisateurs non techniques, des incoh\u00e9rences dans la hi\u00e9rarchie des titres et la structure s\u00e9mantique peuvent appara\u00eetre.<\/li>\n\n\n\n<li><strong>Contenus en mouvement (slider\/carrousel)<\/strong><br>Certains composants avec animations automatiques peuvent ne pas \u00eatre interrompus ou contr\u00f4l\u00e9s par l\u2019utilisateur.<\/li>\n\n\n\n<li><strong>Documents PDF<\/strong><br>Certains documents PDF peuvent ne pas \u00eatre enti\u00e8rement accessibles, car d\u00e9pourvus de structure s\u00e9mantique ou non compatibles avec les technologies d\u2019assistance.<\/li>\n<\/ul>\n\n\n\n<h2 class=\"wp-block-heading\"><strong><strong>Technologies d\u2019assistance<\/strong><\/strong><\/h2>\n\n\n\n<p>Le site a \u00e9t\u00e9 d\u00e9velopp\u00e9 en adoptant une structure s\u00e9mantique correcte et en utilisant des attributs ARIA lorsque n\u00e9cessaire, afin d\u2019am\u00e9liorer la compatibilit\u00e9 avec les technologies d\u2019assistance.<br>L\u2019exp\u00e9rience utilisateur peut toutefois varier en fonction des technologies d\u2019assistance sp\u00e9cifiques et des modalit\u00e9s d\u2019utilisation adopt\u00e9es.<\/p>\n\n\n\n<h2 class=\"wp-block-heading\"><strong><strong>R\u00e9daction de la d\u00e9claration d\u2019accessibilit\u00e9<\/strong><\/strong><\/h2>\n\n\n\n<p>La pr\u00e9sente d\u00e9claration a \u00e9t\u00e9 r\u00e9dig\u00e9e le <strong>24\/04\/2026.<\/strong><\/p>\n\n\n\n<p>L\u2019\u00e9valuation a \u00e9t\u00e9 effectu\u00e9e par des tiers au moyen d\u2019analyses objectives et subjectives (voir l\u2019article 3, paragraphe 1, de la d\u00e9cision d\u2019ex\u00e9cution (UE) 2018\/1523 de la Commission).<\/p>\n\n\n\n<p>La d\u00e9claration a \u00e9t\u00e9 r\u00e9examin\u00e9e pour la derni\u00e8re fois le 24\/04\/2026, conform\u00e9ment \u00e0 la recommandation de v\u00e9rifier p\u00e9riodiquement (au moins une fois par an) l\u2019exactitude des informations contenues dans la pr\u00e9sente d\u00e9claration d\u2019accessibilit\u00e9.<\/p>\n\n\n\n<h2 class=\"wp-block-heading\"><strong><strong><strong>Modalit\u00e9s de signalement et coordonn\u00e9es du prestataire<\/strong><\/strong><\/strong><\/h2>\n\n\n\n<p>Les utilisateurs peuvent signaler tout probl\u00e8me d\u2019accessibilit\u00e9 au responsable des signalements:<\/p>\n\n\n\n<p><strong>email: <\/strong><a href=\"mailto:dmontevecchi@golfera.it\">dmontevecchi@golfera.it<\/a><br><\/p>\n\n\n\n<h2 class=\"wp-block-heading\"><strong>Modalit\u00e9s de signalement \u00e0 l\u2019AgID<\/strong><\/h2>\n\n\n\n<p>En cas de r\u00e9ponse insatisfaisante ou d\u2019absence de r\u00e9ponse dans un d\u00e9lai de trente jours \u00e0 compter de la notification ou de la demande, l\u2019int\u00e9ress\u00e9 peut adresser un signalement \u00e0 l\u2019AgID par courrier \u00e9lectronique certifi\u00e9 (PEC) \u00e0 l\u2019adresse suivante: <strong>protocollo@pec.agid.gov.it\u00a0<\/strong><\/p>\n\n\n\n<h2 class=\"wp-block-heading\"><strong><strong>Informations sur le site<\/strong><\/strong><\/h2>\n\n\n\n<ol class=\"wp-block-list\">\n<li>Date de publication du site web: <strong>06\/11\/2025<\/strong><\/li>\n\n\n\n<li>Des tests d\u2019utilisabilit\u00e9 ont \u00e9t\u00e9 effectu\u00e9s: <strong>Oui<\/strong><\/li>\n\n\n\n<li>CMS utilis\u00e9 pour le site web: <strong>WordPress<\/strong><\/li>\n<\/ol>\n\n\n\n<h2 class=\"wp-block-heading\"><strong>Informations sur la structure<\/strong><\/h2>\n\n\n\n<ol class=\"wp-block-list\">\n<li>Nombre d\u2019employ\u00e9s en situation de handicap: <strong>[4]<\/strong><\/li>\n\n\n\n<li>Nombre de postes de travail pour employ\u00e9s en situation de handicap: <strong>[0]<\/strong><\/li>\n<\/ol>\n","protected":false},"excerpt":{"rendered":"<p>(conform\u00e9ment \u00e0 l\u2019article 3, paragraphe 1-bis de la loi n\u00b0 4 du 9 janvier 2004) Golfera in Lavezzola S.p.A. s\u2019engage \u00e0 rendre son site web accessible, conform\u00e9ment \u00e0 la loi n\u00b0 4 du 9 janvier 2004. La pr\u00e9sente d\u00e9claration d\u2019accessibilit\u00e9 s\u2019applique \u00e0:https:\/\/www.golfera.com \u00c9tat de conformit\u00e9 b) Ce site web est partiellement conforme aux exigences pr\u00e9vues [&hellip;]<\/p>\n","protected":false},"author":2,"featured_media":0,"parent":0,"menu_order":0,"comment_status":"closed","ping_status":"closed","template":"template-testuale.php","meta":{"_acf_changed":false,"footnotes":""},"class_list":["post-6463","page","type-page","status-publish","hentry"],"acf":[],"yoast_head":"<!-- This site is optimized with the Yoast SEO plugin v25.8 - https:\/\/yoast.com\/wordpress\/plugins\/seo\/ -->\n<title>D\u00e9claration d\u2019Accessibilit\u00e9 - Golfera<\/title>\n<meta name=\"robots\" content=\"index, follow, max-snippet:-1, max-image-preview:large, max-video-preview:-1\" \/>\n<link rel=\"canonical\" href=\"https:\/\/golfera.com\/fr\/dichiarazione-di-accessibilita\/\" \/>\n<meta property=\"og:locale\" content=\"fr_FR\" \/>\n<meta property=\"og:type\" content=\"article\" \/>\n<meta property=\"og:title\" content=\"D\u00e9claration d\u2019Accessibilit\u00e9 - Golfera\" \/>\n<meta property=\"og:description\" content=\"(conform\u00e9ment \u00e0 l\u2019article 3, paragraphe 1-bis de la loi n\u00b0 4 du 9 janvier 2004) Golfera in Lavezzola S.p.A. s\u2019engage \u00e0 rendre son site web accessible, conform\u00e9ment \u00e0 la loi n\u00b0 4 du 9 janvier 2004. La pr\u00e9sente d\u00e9claration d\u2019accessibilit\u00e9 s\u2019applique \u00e0:https:\/\/www.golfera.com \u00c9tat de conformit\u00e9 b) Ce site web est partiellement conforme aux exigences pr\u00e9vues [&hellip;]\" \/>\n<meta property=\"og:url\" content=\"https:\/\/golfera.com\/fr\/dichiarazione-di-accessibilita\/\" \/>\n<meta property=\"og:site_name\" content=\"Golfera\" \/>\n<meta property=\"article:modified_time\" content=\"2026-04-29T09:07:56+00:00\" \/>\n<meta name=\"twitter:card\" content=\"summary_large_image\" \/>\n<meta name=\"twitter:label1\" content=\"Dur\u00e9e de lecture estim\u00e9e\" \/>\n\t<meta name=\"twitter:data1\" content=\"3 minutes\" \/>\n<script type=\"application\/ld+json\" class=\"yoast-schema-graph\">{\"@context\":\"https:\/\/schema.org\",\"@graph\":[{\"@type\":\"WebPage\",\"@id\":\"https:\/\/golfera.com\/fr\/dichiarazione-di-accessibilita\/\",\"url\":\"https:\/\/golfera.com\/fr\/dichiarazione-di-accessibilita\/\",\"name\":\"D\u00e9claration d\u2019Accessibilit\u00e9 - Golfera\",\"isPartOf\":{\"@id\":\"https:\/\/golfera.com\/fr\/#website\"},\"datePublished\":\"2026-04-28T14:53:01+00:00\",\"dateModified\":\"2026-04-29T09:07:56+00:00\",\"breadcrumb\":{\"@id\":\"https:\/\/golfera.com\/fr\/dichiarazione-di-accessibilita\/#breadcrumb\"},\"inLanguage\":\"fr-FR\",\"potentialAction\":[{\"@type\":\"ReadAction\",\"target\":[\"https:\/\/golfera.com\/fr\/dichiarazione-di-accessibilita\/\"]}]},{\"@type\":\"BreadcrumbList\",\"@id\":\"https:\/\/golfera.com\/fr\/dichiarazione-di-accessibilita\/#breadcrumb\",\"itemListElement\":[{\"@type\":\"ListItem\",\"position\":1,\"name\":\"Home\",\"item\":\"https:\/\/golfera.com\/fr\/\"},{\"@type\":\"ListItem\",\"position\":2,\"name\":\"D\u00e9claration d\u2019Accessibilit\u00e9\"}]},{\"@type\":\"WebSite\",\"@id\":\"https:\/\/golfera.com\/fr\/#website\",\"url\":\"https:\/\/golfera.com\/fr\/\",\"name\":\"Golfera\",\"description\":\"\",\"potentialAction\":[{\"@type\":\"SearchAction\",\"target\":{\"@type\":\"EntryPoint\",\"urlTemplate\":\"https:\/\/golfera.com\/fr\/?s={search_term_string}\"},\"query-input\":{\"@type\":\"PropertyValueSpecification\",\"valueRequired\":true,\"valueName\":\"search_term_string\"}}],\"inLanguage\":\"fr-FR\"}]}<\/script>\n<!-- \/ Yoast SEO plugin. -->","yoast_head_json":{"title":"D\u00e9claration d\u2019Accessibilit\u00e9 - Golfera","robots":{"index":"index","follow":"follow","max-snippet":"max-snippet:-1","max-image-preview":"max-image-preview:large","max-video-preview":"max-video-preview:-1"},"canonical":"https:\/\/golfera.com\/fr\/dichiarazione-di-accessibilita\/","og_locale":"fr_FR","og_type":"article","og_title":"D\u00e9claration d\u2019Accessibilit\u00e9 - Golfera","og_description":"(conform\u00e9ment \u00e0 l\u2019article 3, paragraphe 1-bis de la loi n\u00b0 4 du 9 janvier 2004) Golfera in Lavezzola S.p.A. s\u2019engage \u00e0 rendre son site web accessible, conform\u00e9ment \u00e0 la loi n\u00b0 4 du 9 janvier 2004. La pr\u00e9sente d\u00e9claration d\u2019accessibilit\u00e9 s\u2019applique \u00e0:https:\/\/www.golfera.com \u00c9tat de conformit\u00e9 b) Ce site web est partiellement conforme aux exigences pr\u00e9vues [&hellip;]","og_url":"https:\/\/golfera.com\/fr\/dichiarazione-di-accessibilita\/","og_site_name":"Golfera","article_modified_time":"2026-04-29T09:07:56+00:00","twitter_card":"summary_large_image","twitter_misc":{"Dur\u00e9e de lecture estim\u00e9e":"3 minutes"},"schema":{"@context":"https:\/\/schema.org","@graph":[{"@type":"WebPage","@id":"https:\/\/golfera.com\/fr\/dichiarazione-di-accessibilita\/","url":"https:\/\/golfera.com\/fr\/dichiarazione-di-accessibilita\/","name":"D\u00e9claration d\u2019Accessibilit\u00e9 - Golfera","isPartOf":{"@id":"https:\/\/golfera.com\/fr\/#website"},"datePublished":"2026-04-28T14:53:01+00:00","dateModified":"2026-04-29T09:07:56+00:00","breadcrumb":{"@id":"https:\/\/golfera.com\/fr\/dichiarazione-di-accessibilita\/#breadcrumb"},"inLanguage":"fr-FR","potentialAction":[{"@type":"ReadAction","target":["https:\/\/golfera.com\/fr\/dichiarazione-di-accessibilita\/"]}]},{"@type":"BreadcrumbList","@id":"https:\/\/golfera.com\/fr\/dichiarazione-di-accessibilita\/#breadcrumb","itemListElement":[{"@type":"ListItem","position":1,"name":"Home","item":"https:\/\/golfera.com\/fr\/"},{"@type":"ListItem","position":2,"name":"D\u00e9claration d\u2019Accessibilit\u00e9"}]},{"@type":"WebSite","@id":"https:\/\/golfera.com\/fr\/#website","url":"https:\/\/golfera.com\/fr\/","name":"Golfera","description":"","potentialAction":[{"@type":"SearchAction","target":{"@type":"EntryPoint","urlTemplate":"https:\/\/golfera.com\/fr\/?s={search_term_string}"},"query-input":{"@type":"PropertyValueSpecification","valueRequired":true,"valueName":"search_term_string"}}],"inLanguage":"fr-FR"}]}},"_links":{"self":[{"href":"https:\/\/golfera.com\/fr\/wp-json\/wp\/v2\/pages\/6463","targetHints":{"allow":["GET"]}}],"collection":[{"href":"https:\/\/golfera.com\/fr\/wp-json\/wp\/v2\/pages"}],"about":[{"href":"https:\/\/golfera.com\/fr\/wp-json\/wp\/v2\/types\/page"}],"author":[{"embeddable":true,"href":"https:\/\/golfera.com\/fr\/wp-json\/wp\/v2\/users\/2"}],"replies":[{"embeddable":true,"href":"https:\/\/golfera.com\/fr\/wp-json\/wp\/v2\/comments?post=6463"}],"version-history":[{"count":2,"href":"https:\/\/golfera.com\/fr\/wp-json\/wp\/v2\/pages\/6463\/revisions"}],"predecessor-version":[{"id":6471,"href":"https:\/\/golfera.com\/fr\/wp-json\/wp\/v2\/pages\/6463\/revisions\/6471"}],"wp:attachment":[{"href":"https:\/\/golfera.com\/fr\/wp-json\/wp\/v2\/media?parent=6463"}],"curies":[{"name":"wp","href":"https:\/\/api.w.org\/{rel}","templated":true}]}}