{"id":6467,"date":"2026-04-28T16:53:01","date_gmt":"2026-04-28T14:53:01","guid":{"rendered":"https:\/\/golfera.com\/dichiarazione-di-accessibilita\/"},"modified":"2026-04-29T11:08:25","modified_gmt":"2026-04-29T09:08:25","slug":"dichiarazione-di-accessibilita","status":"publish","type":"page","link":"https:\/\/golfera.com\/de\/dichiarazione-di-accessibilita\/","title":{"rendered":"Erkl\u00e4rung zur Barrierefreiheit"},"content":{"rendered":"\n<p>(gem\u00e4\u00df Artikel 3 Absatz 1-bis des Gesetzes Nr. 4 vom 9. Januar 2004)<\/p>\n\n\n\n<p><br><strong>Golfera in Lavezzola S.p.A. <\/strong>verpflichtet sich, ihre Website im Einklang mit dem Gesetz Nr. 4 vom 9. Januar 2004 barrierefrei zug\u00e4nglich zu machen.<\/p>\n\n\n\n<p>Diese Erkl\u00e4rung zur Barrierefreiheit gilt f\u00fcr::<br><a href=\"https:\/\/www.golfera.com\">https:\/\/www.golfera.com<\/a><\/p>\n\n\n\n<h2 class=\"wp-block-heading\"><strong>Stand der Vereinbarkeit mit den Anforderungen<\/strong><\/h2>\n\n\n\n<p>b) Diese Website ist <strong>teilweise konform<\/strong> mit den Anforderungen gem\u00e4\u00df Anhang A der Norm UNI CEI EN 301549, aufgrund der nachstehend aufgef\u00fchrten F\u00e4lle von Nichtkonformit\u00e4t.<\/p>\n\n\n\n<h3 class=\"wp-block-heading\">Nicht barrierefreie Inhalte<\/h3>\n\n\n\n<p>Die nachstehend aufgef\u00fchrten Inhalte sind aus folgenden Gr\u00fcnden nicht vollst\u00e4ndig barrierefrei:<\/p>\n\n\n\n<h3 class=\"wp-block-heading\"><strong><strong><strong>a) Nichteinhaltung des Gesetzes Nr. 4 vom 9. Januar 2004<\/strong><\/strong><\/strong><\/h3>\n\n\n\n<ul class=\"wp-block-list\">\n<li><strong>Cookie-Banner und Einwilligungsverwaltung (Iubenda)<\/strong><br>Einige Komponenten des Einwilligungsbanners sind m\u00f6glicherweise nicht vollst\u00e4ndig per Tastatur bedienbar oder verwalten den Fokus nicht korrekt.<\/li>\n\n\n\n<li><strong>Bilder und multimediale Inhalte<\/strong><br>Einige Bilder verf\u00fcgen m\u00f6glicherweise nicht \u00fcber geeignete Alternativbeschreibungen oder enthalten Alternativtexte, die nicht mit der Seitensprache \u00fcbereinstimmen.<\/li>\n\n\n\n<li><strong>Redaktionelle Inhalte (Blog)<\/strong><br>In den Bloginhalten, die von nicht-technischen Nutzern verwaltet werden, k\u00f6nnen Inkonsistenzen in der \u00dcberschriftenhierarchie und der semantischen Struktur auftreten.<\/li>\n\n\n\n<li><strong>Bewegte Inhalte (Slider\/Karussell)<\/strong><br>Einige Komponenten mit automatischen Animationen sind m\u00f6glicherweise nicht vom Nutzer anhaltbar oder steuerbar.<\/li>\n\n\n\n<li><strong>PDF-Dokumente<\/strong><br>Einige PDF-Dokumente sind m\u00f6glicherweise nicht vollst\u00e4ndig barrierefrei, da sie keine semantische Struktur aufweisen oder nicht mit assistiven Technologien kompatibel sind.<\/li>\n<\/ul>\n\n\n\n<h2 class=\"wp-block-heading\"><strong><strong>Assistive Technologien<\/strong><\/strong><\/h2>\n\n\n\n<p>Diese Erkl\u00e4rung wurde am <strong>24\/04\/2026<\/strong> erstellt.<\/p>\n\n\n\n<p>Die Bewertung wurde durch Dritte mittels objektiver und subjektiver Analysen durchgef\u00fchrt (vgl. Artikel 3 Absatz 1 der Durchf\u00fchrungsentscheidung (EU) 2018\/1523 der Kommission).<\/p>\n\n\n\n<p>Die Erkl\u00e4rung wurde zuletzt am 24\/04\/2026 \u00fcberpr\u00fcft, entsprechend der Empfehlung, die enthaltenen Angaben regelm\u00e4\u00dfig (mindestens einmal j\u00e4hrlich) zu \u00fcberpr\u00fcfen.<\/p>\n\n\n\n<h2 class=\"wp-block-heading\"><strong><strong>Erstellung der Erkl\u00e4rung zur Barrierefreiheit<\/strong><\/strong><\/h2>\n\n\n\n<p>This statement was drafted on <strong>24\/04\/2026.<\/strong><\/p>\n\n\n\n<p>The assessment was carried out by third parties through objective and subjective analyses (see Article 3(1) of Commission Implementing Decision (EU) 2018\/1523).<\/p>\n\n\n\n<p>The statement was last reviewed on 24\/04\/2026, in compliance with the recommendation to periodically review (at least annually) the accuracy of the information contained in this accessibility statement.<\/p>\n\n\n\n<h2 class=\"wp-block-heading\"><strong><strong><strong>Meldung von Barrieren und Kontaktdaten des Dienstanbieters<\/strong><\/strong><\/strong><\/h2>\n\n\n\n<p>Nutzer k\u00f6nnen etwaige Probleme in Bezug auf die Barrierefreiheit an die zust\u00e4ndige Stelle melden:<\/p>\n\n\n\n<p><strong>email: <\/strong><a href=\"mailto:dmontevecchi@golfera.it\">dmontevecchi@golfera.it<\/a><br><\/p>\n\n\n\n<h2 class=\"wp-block-heading\"><strong>Meldung an AgID<\/strong><\/h2>\n\n\n\n<p>Im Falle einer unzureichenden Antwort oder keiner Antwort innerhalb von drei\u00dfig Tagen auf die Mitteilung oder Anfrage kann die betroffene Person eine Meldung an die AgID per zertifizierter E-Mail (PEC) an folgende Adresse senden: <strong>protocollo@pec.agid.gov.it\u00a0<\/strong><\/p>\n\n\n\n<h2 class=\"wp-block-heading\"><strong><strong>Informationen zur Website<\/strong><\/strong><\/h2>\n\n\n\n<ol class=\"wp-block-list\">\n<li>Ver\u00f6ffentlichungsdatum der Website: <strong>06\/11\/2025<\/strong><\/li>\n\n\n\n<li>Es wurden Usability-Tests durchgef\u00fchrt: <strong>Ja<\/strong><\/li>\n\n\n\n<li>Verwendetes CMS f\u00fcr die Website: <strong>WordPress<\/strong><\/li>\n<\/ol>\n\n\n\n<h2 class=\"wp-block-heading\"><strong>Informationen zur Organisation<\/strong><\/h2>\n\n\n\n<ol class=\"wp-block-list\">\n<li>Anzahl der Besch\u00e4ftigten mit Behinderung: <strong>[4]<\/strong><\/li>\n\n\n\n<li>Anzahl der Arbeitspl\u00e4tze f\u00fcr Besch\u00e4ftigte mit Behinderung: <strong>[0]<\/strong><\/li>\n<\/ol>\n","protected":false},"excerpt":{"rendered":"<p>(gem\u00e4\u00df Artikel 3 Absatz 1-bis des Gesetzes Nr. 4 vom 9. Januar 2004) Golfera in Lavezzola S.p.A. verpflichtet sich, ihre Website im Einklang mit dem Gesetz Nr. 4 vom 9. Januar 2004 barrierefrei zug\u00e4nglich zu machen. Diese Erkl\u00e4rung zur Barrierefreiheit gilt f\u00fcr::https:\/\/www.golfera.com Stand der Vereinbarkeit mit den Anforderungen b) Diese Website ist teilweise konform mit [&hellip;]<\/p>\n","protected":false},"author":2,"featured_media":0,"parent":0,"menu_order":0,"comment_status":"closed","ping_status":"closed","template":"template-testuale.php","meta":{"_acf_changed":false,"footnotes":""},"class_list":["post-6467","page","type-page","status-publish","hentry"],"acf":[],"yoast_head":"<!-- This site is optimized with the Yoast SEO plugin v25.8 - https:\/\/yoast.com\/wordpress\/plugins\/seo\/ -->\n<title>Erkl\u00e4rung zur Barrierefreiheit - Golfera<\/title>\n<meta name=\"robots\" content=\"index, follow, max-snippet:-1, max-image-preview:large, max-video-preview:-1\" \/>\n<link rel=\"canonical\" href=\"https:\/\/golfera.com\/de\/dichiarazione-di-accessibilita\/\" \/>\n<meta property=\"og:locale\" content=\"de_DE\" \/>\n<meta property=\"og:type\" content=\"article\" \/>\n<meta property=\"og:title\" content=\"Erkl\u00e4rung zur Barrierefreiheit - Golfera\" \/>\n<meta property=\"og:description\" content=\"(gem\u00e4\u00df Artikel 3 Absatz 1-bis des Gesetzes Nr. 4 vom 9. Januar 2004) Golfera in Lavezzola S.p.A. verpflichtet sich, ihre Website im Einklang mit dem Gesetz Nr. 4 vom 9. Januar 2004 barrierefrei zug\u00e4nglich zu machen. Diese Erkl\u00e4rung zur Barrierefreiheit gilt f\u00fcr::https:\/\/www.golfera.com Stand der Vereinbarkeit mit den Anforderungen b) Diese Website ist teilweise konform mit [&hellip;]\" \/>\n<meta property=\"og:url\" content=\"https:\/\/golfera.com\/de\/dichiarazione-di-accessibilita\/\" \/>\n<meta property=\"og:site_name\" content=\"Golfera\" \/>\n<meta property=\"article:modified_time\" content=\"2026-04-29T09:08:25+00:00\" \/>\n<meta name=\"twitter:card\" content=\"summary_large_image\" \/>\n<meta name=\"twitter:label1\" content=\"Gesch\u00e4tzte Lesezeit\" \/>\n\t<meta name=\"twitter:data1\" content=\"3\u00a0Minuten\" \/>\n<script type=\"application\/ld+json\" class=\"yoast-schema-graph\">{\"@context\":\"https:\/\/schema.org\",\"@graph\":[{\"@type\":\"WebPage\",\"@id\":\"https:\/\/golfera.com\/de\/dichiarazione-di-accessibilita\/\",\"url\":\"https:\/\/golfera.com\/de\/dichiarazione-di-accessibilita\/\",\"name\":\"Erkl\u00e4rung zur Barrierefreiheit - Golfera\",\"isPartOf\":{\"@id\":\"https:\/\/golfera.com\/de\/#website\"},\"datePublished\":\"2026-04-28T14:53:01+00:00\",\"dateModified\":\"2026-04-29T09:08:25+00:00\",\"breadcrumb\":{\"@id\":\"https:\/\/golfera.com\/de\/dichiarazione-di-accessibilita\/#breadcrumb\"},\"inLanguage\":\"de\",\"potentialAction\":[{\"@type\":\"ReadAction\",\"target\":[\"https:\/\/golfera.com\/de\/dichiarazione-di-accessibilita\/\"]}]},{\"@type\":\"BreadcrumbList\",\"@id\":\"https:\/\/golfera.com\/de\/dichiarazione-di-accessibilita\/#breadcrumb\",\"itemListElement\":[{\"@type\":\"ListItem\",\"position\":1,\"name\":\"Home\",\"item\":\"https:\/\/golfera.com\/de\/\"},{\"@type\":\"ListItem\",\"position\":2,\"name\":\"Erkl\u00e4rung zur Barrierefreiheit\"}]},{\"@type\":\"WebSite\",\"@id\":\"https:\/\/golfera.com\/de\/#website\",\"url\":\"https:\/\/golfera.com\/de\/\",\"name\":\"Golfera\",\"description\":\"\",\"potentialAction\":[{\"@type\":\"SearchAction\",\"target\":{\"@type\":\"EntryPoint\",\"urlTemplate\":\"https:\/\/golfera.com\/de\/?s={search_term_string}\"},\"query-input\":{\"@type\":\"PropertyValueSpecification\",\"valueRequired\":true,\"valueName\":\"search_term_string\"}}],\"inLanguage\":\"de\"}]}<\/script>\n<!-- \/ Yoast SEO plugin. -->","yoast_head_json":{"title":"Erkl\u00e4rung zur Barrierefreiheit - Golfera","robots":{"index":"index","follow":"follow","max-snippet":"max-snippet:-1","max-image-preview":"max-image-preview:large","max-video-preview":"max-video-preview:-1"},"canonical":"https:\/\/golfera.com\/de\/dichiarazione-di-accessibilita\/","og_locale":"de_DE","og_type":"article","og_title":"Erkl\u00e4rung zur Barrierefreiheit - Golfera","og_description":"(gem\u00e4\u00df Artikel 3 Absatz 1-bis des Gesetzes Nr. 4 vom 9. Januar 2004) Golfera in Lavezzola S.p.A. verpflichtet sich, ihre Website im Einklang mit dem Gesetz Nr. 4 vom 9. Januar 2004 barrierefrei zug\u00e4nglich zu machen. Diese Erkl\u00e4rung zur Barrierefreiheit gilt f\u00fcr::https:\/\/www.golfera.com Stand der Vereinbarkeit mit den Anforderungen b) Diese Website ist teilweise konform mit [&hellip;]","og_url":"https:\/\/golfera.com\/de\/dichiarazione-di-accessibilita\/","og_site_name":"Golfera","article_modified_time":"2026-04-29T09:08:25+00:00","twitter_card":"summary_large_image","twitter_misc":{"Gesch\u00e4tzte Lesezeit":"3\u00a0Minuten"},"schema":{"@context":"https:\/\/schema.org","@graph":[{"@type":"WebPage","@id":"https:\/\/golfera.com\/de\/dichiarazione-di-accessibilita\/","url":"https:\/\/golfera.com\/de\/dichiarazione-di-accessibilita\/","name":"Erkl\u00e4rung zur Barrierefreiheit - Golfera","isPartOf":{"@id":"https:\/\/golfera.com\/de\/#website"},"datePublished":"2026-04-28T14:53:01+00:00","dateModified":"2026-04-29T09:08:25+00:00","breadcrumb":{"@id":"https:\/\/golfera.com\/de\/dichiarazione-di-accessibilita\/#breadcrumb"},"inLanguage":"de","potentialAction":[{"@type":"ReadAction","target":["https:\/\/golfera.com\/de\/dichiarazione-di-accessibilita\/"]}]},{"@type":"BreadcrumbList","@id":"https:\/\/golfera.com\/de\/dichiarazione-di-accessibilita\/#breadcrumb","itemListElement":[{"@type":"ListItem","position":1,"name":"Home","item":"https:\/\/golfera.com\/de\/"},{"@type":"ListItem","position":2,"name":"Erkl\u00e4rung zur Barrierefreiheit"}]},{"@type":"WebSite","@id":"https:\/\/golfera.com\/de\/#website","url":"https:\/\/golfera.com\/de\/","name":"Golfera","description":"","potentialAction":[{"@type":"SearchAction","target":{"@type":"EntryPoint","urlTemplate":"https:\/\/golfera.com\/de\/?s={search_term_string}"},"query-input":{"@type":"PropertyValueSpecification","valueRequired":true,"valueName":"search_term_string"}}],"inLanguage":"de"}]}},"_links":{"self":[{"href":"https:\/\/golfera.com\/de\/wp-json\/wp\/v2\/pages\/6467","targetHints":{"allow":["GET"]}}],"collection":[{"href":"https:\/\/golfera.com\/de\/wp-json\/wp\/v2\/pages"}],"about":[{"href":"https:\/\/golfera.com\/de\/wp-json\/wp\/v2\/types\/page"}],"author":[{"embeddable":true,"href":"https:\/\/golfera.com\/de\/wp-json\/wp\/v2\/users\/2"}],"replies":[{"embeddable":true,"href":"https:\/\/golfera.com\/de\/wp-json\/wp\/v2\/comments?post=6467"}],"version-history":[{"count":2,"href":"https:\/\/golfera.com\/de\/wp-json\/wp\/v2\/pages\/6467\/revisions"}],"predecessor-version":[{"id":6472,"href":"https:\/\/golfera.com\/de\/wp-json\/wp\/v2\/pages\/6467\/revisions\/6472"}],"wp:attachment":[{"href":"https:\/\/golfera.com\/de\/wp-json\/wp\/v2\/media?parent=6467"}],"curies":[{"name":"wp","href":"https:\/\/api.w.org\/{rel}","templated":true}]}}